{"id":89,"date":"2023-04-11T18:22:07","date_gmt":"2023-04-11T16:22:07","guid":{"rendered":"https:\/\/ambasciatapraga.esteri.it\/?page_id=89"},"modified":"2024-04-17T17:54:59","modified_gmt":"2024-04-17T14:54:59","slug":"visti","status":"publish","type":"page","link":"https:\/\/ambdoha.esteri.it\/it\/servizi-consolari-e-visti\/servizi-per-il-cittadino-straniero\/visti\/","title":{"rendered":"Visti"},"content":{"rendered":"<p>L\u2019Ufficio Visti dell\u2019Ambasciata d\u2019Italia a Doha opera per i visti Schengen (Italia ed Estonia come destinazioni principali) attraverso la societ\u00e0\u00a0<strong>VFS Global<\/strong>\u00a0che gestisce l\u2019Italy Visa Application Centre sito in Mayasaloun Street, West Bay, Gate Mall, Torre 3, 6\u00b0 Piano. L\u2019unica agenzia autorizzata da questa Ambasciata a ricevere le richieste di visto \u00e8 VFS GLOBAL.<\/p>\n<p><strong><u>Per maggiori informazioni e per prenotare un appuntamento consultare il sito di <\/u><\/strong><a href=\"https:\/\/www.vfsglobal.com\/Italy\/Qatar\/\"><strong>VFS Global<\/strong><\/a><strong><u>.<\/u><\/strong><\/p>\n<p>Le richieste di visto presentate presso il VAC vengono consegnate all\u2019Ambasciata d\u2019Italia, cui competono le decisioni relative al rilascio del visto. Nessun impiegato della societ\u00e0 VFS GLOBAL ha potere decisionale sul rilascio di un visto o sull\u2019esito di una richiesta di visto, che \u00e8 altres\u00ec sottoposta ai controlli di sicurezza nazionali ed europei previsti dalla normativa.<\/p>\n<p>Per informazioni \u00e8 possibile scrivere una e-mail al seguente indirizzo: <a href=\"mailto:doha.visti@esteri.it\">doha.visti@esteri.it<\/a>.<\/p>\n<p>Per ulteriori informazioni sulla normativa Schengen e le tipologie di visto si consiglia di visitare i seguenti siti:<\/p>\n<ol>\n<li><a href=\"https:\/\/vistoperitalia.esteri.it\/home.aspx\">Il visto per l\u2019Italia<\/a><\/li>\n<li><a href=\"https:\/\/www.esteri.it\/it\/servizi-consolari-e-visti\/ingressosoggiornoinitalia\/\">Sito web della Farnesina<\/a><\/li>\n<li><a href=\"https:\/\/home-affairs.ec.europa.eu\/policies\/schengen-borders-and-visa\/document-security_en\">Sito web della Commissione Europea<\/a><\/li>\n<\/ol>\n<p>&nbsp;<\/p>\n<p><strong>COME PRESENTARE LA DOMANDA DI VISTO<\/strong><\/p>\n<p><strong>1. QUANDO CHIEDERE UN VISTO SCHENGEN PER L\u2019ITALIA:<\/strong><\/p>\n<p>I richiedenti visto Schengen possono fare richiesta di visto per l\u2019Italia unicamente:<\/p>\n<ul>\n<li>quando l\u2019Italia \u00e8 l\u2019unico Paese di destinazione del viaggio;<\/li>\n<li>qualora il viaggio interessi pi\u00f9 di un Paese Schengen e l\u2019Italia sia la <u>destinazione principale del viaggio in termini di durata o di finalit\u00e0 del soggiorno<\/u>;<\/li>\n<li>se la destinazione principale non pu\u00f2 essere determinata in base ai criteri dei punti a) e b), quando l\u2019Italia \u00e8 il Paese attraverso le cui frontiere esterne il richiedente intende entrare in area Schengen.<\/li>\n<\/ul>\n<p>&nbsp;<\/p>\n<p><strong>2. PRENOTA UN APPUNTAMENTO PRESSO:<\/strong><\/p>\n<p><strong>A) il VFS Global<\/strong><\/p>\n<p>VFS Global \u00e8 la societ\u00e0 cui \u00e8 stato affidato in via esclusiva il servizio di raccolta delle domande di visto per l\u2019Italia. Per maggiori informazioni e per prenotare un appuntamento presso VFS Global:<\/p>\n<ul>\n<li>visiti il sito web\u00a0di <a href=\"https:\/\/www.vfsglobal.com\/Italy\/Qatar\/\">VFS Global<\/a><\/li>\n<li>contatti l\u2019assistenza telefonica al numero +97444231222 o l\u2019indirizzo e-mail <a href=\"mailto:info.ItalyQatar@vfsglobal.com\">ItalyQatar@vfsglobal.com<\/a><\/li>\n<li>una volta ottenuto l\u2019appuntmento, si rechi presso la sede del VFS Global: Mayasaloun Street, West Bay, Gate Mall, Torre 3, 6\u00b0 Piano.<\/li>\n<\/ul>\n<p>&nbsp;<\/p>\n<p><strong>B) l\u2019Ufficio Visti presso dell\u2019Ambasciata d\u2019Italia a Doha<\/strong><\/p>\n<p>L\u2019Ambasciata d\u2019Italia continua a gestire direttamente le domande per:<\/p>\n<ul>\n<li>visti per familiari di cittadini provenienti da Stati Membri UE, Paesi dello Spazio economico europeo e Svizzera, che hanno bisogno di un visto Schengen;<\/li>\n<li>visti per studio;<\/li>\n<li>visti per ricongiungimento familiare;<\/li>\n<li>visti diplomatici e missione per l\u2019Italia.<\/li>\n<\/ul>\n<p>Per tali categorie di visti \u00e8 possibile prenotare un appuntamento tramite l\u2019e-mail\u00a0<a href=\"mailto:doha.visti@esteri.it\">doha.visti@esteri.it<\/a> negli orari di apertura al pubblico: domenica-gioved\u00ec dalle 9:30 alle 13:30.<\/p>\n<p>&nbsp;<\/p>\n<p><strong>3. DATI BIOMETRICI (VISA INFORMATION SYSTEM)<\/strong><\/p>\n<p>Tutti i richiedenti visto dovranno fornire i loro dati biometrici (le impronte digitali delle dieci dita delle mani e una foto) al momento della richiesta di visto Schengen. I richiedenti dovranno dunque presentarsi di persona al momento della domanda di visto. Si tratta di una procedura semplice e che richiede solo pochi minuti. Poich\u00e9 le informazioni sui dati biometrici saranno conservate per 59 mesi, per eventuali successive richieste di visto non si dovranno prelevare nuovamente le impronte, e per la richiesta di visto non sar\u00e0 quindi necessario presentare richiesta di persona.<\/p>\n<p>L\u2019esenzione dall\u2019obbligo di raccolta delle impronte digitali \u00e8 prevista per un numero limitato di richiedenti visto: minori di et\u00e0 inferiore ai 12 anni e persone per le quali la raccolta delle impronte digitali \u00e8 fisicamente impossibile. Sono altres\u00ec esentati, in occasione di visite ufficiali, i Capi di Stato e i membri del Governo, assieme ai componenti della delegazione al seguito e ai coniugi.<\/p>\n<p>Per ulteriori informazioni, si invita l\u2019utenza a leggere la pagina web del Ministero degli Affari Esteri italiano e il sito web della Commissione Europea.<\/p>\n<p>L\u2019Italia non richiede la raccolta dei dati biometrici per i visti nazionali.<\/p>\n<p>&nbsp;<\/p>\n<p><strong>4. CHI PUO\u2019 PRESENTARE DOMANDA DI VISTO<\/strong><\/p>\n<p>&#8211; Tutti i cittadini qatarini residenti in Qatar.<\/p>\n<p>&#8211; I cittadini di quei Paesi per cui \u00e8 previsto l\u2019obbligo di visto e che siano regolarmente residenti in Qatar.<\/p>\n<p>&nbsp;<\/p>\n<p><strong>5. TARIFFE PER L\u2019OTTENIMENTO DI UN VISTO<\/strong><\/p>\n<p>Secondo il nuovo Codice dei Visti, il costo di un visto Schengen \u00e8 80 euro, da pagare in valuta locale (Qatari Rial) secondo il cambio aggiornato trimestralmente. Il costo di un visto Schengen per i minori di et\u00e0 compresa tra i sei e i dodici anni \u00e8 di 40 euro, da pagare in valuta locale (Qatari Rial) secondo il cambio aggiornato trimestralmente.<\/p>\n<p>&nbsp;<\/p>\n<p><strong><u>L\u2019OTTENIMENTO DEL VISTO NON DA\u2019 AUTOMATICAMENTE DIRITTO ALL\u2019INGRESSO NELL\u2019AREA SCHENGEN<\/u><\/strong><\/p>\n<p>Si attira l\u2019attenzione dei richiedenti visto sul fatto che il semplice possesso di un visto non conferisce automaticamente il diritto di ingresso nell\u2019area Schengen. Ai titolari di un visto possono essere richieste, alla frontiera esterna dell\u2019area Schengen o in occasione di altri controlli, informazioni circa i mezzi di sostentamento, la durata del soggiorno previsto in area Schengen e lo scopo del viaggio.<\/p>\n<p>Si raccomanda di portare con s\u00e9 copia dei documenti presentati in fase di domanda di visto (quali ad esempio: lettere di invito, prenotazioni alberghiere e aeree o altri documenti atti a dimostrare lo scopo del viaggio). Per maggiori informazioni, si rimanda all\u2019art. 5 del Codice delle Frontiere Schengen.<\/p>\n<p><strong>COSA SUCCEDE IN CASO DI RIFIUTO DEL VISTO<\/strong><\/p>\n<p>Eventuali decisioni negative relative alle domande di visto saranno notificate al richiedente. Nel provvedimento di rifiuto del visto sono indicati i motivi del rifiuto. Il richiedente la cui domanda \u00e8 stata rifiutata ha diritto di presentare nuova domanda di visto, integrando eventuali documenti mancanti, ovvero di proporre ricorso. Eventuali ricorsi devono essere presentati al Tribunale Amministrativo Regionale del Lazio, con l\u2019assistenza di un legale, entro 60 giorni dalla notifica del provvedimento di rifiuto. Il ricorso deve essere notificato, a pena di nullit\u00e0 (in base all\u2019art. 144 del C.P.C. e all\u2019art. 11 del R.D. n. 1611 del 1933), alla competente Avvocatura dello Stato.<\/p>\n<p>Solo per i visti per motivi familiari il ricorso va presentato al Tribunale ordinario del luogo di residenza del richiedente in Italia.<\/p>\n<p><strong>COME UTILIZZARE CORRETTAMENTE UN VISTO SCHENGEN<\/strong><\/p>\n<p>Il visto Schengen d\u00e0 diritto di circolare nei Paesi dell\u2019area Schengen. \u00c8 possibile rimanere in area Schengen solamente per il numero di giorni indicati sul visto, che va utilizzato esclusivamente nel lasso temporale indicato \u201cdal\u201d \u201cal\u201d. La dicitura \u201cDurata del soggiorno [\u2026] giorni\u201d indica il numero di giorni che \u00e8 consentito trascorrere nell\u2019area Schengen, a partire dalla data in cui si fa ingresso nel territorio Schengen (da contare sulla base dei timbri di ingresso e di uscita). Il lasso temporale indicato \u201cDa [data] [\u2026] al [la data]\u201d pu\u00f2 essere pi\u00f9 lungo rispetto alla \u201cDurata del soggiorno\u201d al fine di consentire una certa flessibilit\u00e0. Tuttavia non \u00e8 possibile rimanere in area Schengen pi\u00f9 giorni rispetto a quelli indicati sotto la voce \u201cDurata del soggiorno [\u2026] giorni\u201d. Inoltre non \u00e8 possibile soggiornare oltre la data indicata alla voce \u201cFino al [\u2026]\u201d.<\/p>\n<p>Il numero di ingressi concessi pu\u00f2 essere: uno, due o multipli. Coloro che hanno necessit\u00e0 di recarsi frequentemente in area Schengen possono richiedere visti ad ingressi multipli pluriennali fino ad un massimo di 5 anni, ma la decisione sul rilascio di visti multipli resta in capo all\u2019Ambasciata sulla base della normativa vigente. Si ricorda ai possessori di visti ad ingressi multipli che in base alla normativa \u00e8 possibile rimanere all\u2019interno dell\u2019area Schengen per un massimo di 90 giorni ogni 180 giorni.<\/p>\n<p>&nbsp;<\/p>\n<p><strong>COME UTILIZZARE CORRETTAMENTE UN VISTO NAZIONALE ITALIANO<\/strong><\/p>\n<p>Una volta giunti in Italia con un visto nazionale italiano, \u00e8 necessario recarsi entro 8 giorni lavorativi presso la competente Questura della Provincia ove si intende risiedere per fare richiesta di Permesso di soggiorno. La durata del Permesso di soggiorno sar\u00e0 corrispondente a quella indicata sul visto. Il Permesso di soggiorno dovr\u00e0 essere rinnovato direttamente in Italia.<\/p>\n<p>&nbsp;<\/p>\n<p><strong>AVVISO IMPORTANTE SULLA TRASPARENZA<\/strong><\/p>\n<p><u>Si raccomanda a tutti i richiedenti visto di diffidare da agenzie o persone che affermano di conoscere &#8220;scorciatoie&#8221; e che promettono una valutazione rapida delle domande di visto e\/o garantiscono un esito positivo della procedura<\/u>.<\/p>\n<p><u>L&#8217;Ambasciata non intrattiene alcun rapporto con persone al di fuori dei suoi locali. Tutte le decisioni relative alle domande di visto sono esclusivamente rimesse al personale dell&#8217;Ambasciata.<\/u><\/p>\n<p><u>Si prega di segnalare all&#8217;Ambasciata se persone diverse da VFS Global offrono servizi di facilitazione delle domande di visto o di semplice prenotazione di appuntamento in cambio di denaro.<\/u><\/p>\n","protected":false},"excerpt":{"rendered":"L\u2019Ufficio Visti dell\u2019Ambasciata d\u2019Italia a Doha opera per i visti Schengen (Italia ed Estonia come destinazioni principali) attraverso la societ\u00e0\u00a0VFS Global\u00a0che gestisce l\u2019Italy Visa Application Centre sito in Mayasaloun Street, West Bay, Gate Mall, Torre 3, 6\u00b0 Piano. L\u2019unica agenzia autorizzata da questa Ambasciata a ricevere le richieste di visto \u00e8 VFS GLOBAL. Per maggiori [&hellip;]","protected":false},"author":1,"featured_media":0,"parent":48,"menu_order":0,"comment_status":"closed","ping_status":"closed","template":"","meta":{"footnotes":""},"class_list":["post-89","page","type-page","status-publish","hentry"],"_links":{"self":[{"href":"https:\/\/ambdoha.esteri.it\/it\/wp-json\/wp\/v2\/pages\/89","targetHints":{"allow":["GET"]}}],"collection":[{"href":"https:\/\/ambdoha.esteri.it\/it\/wp-json\/wp\/v2\/pages"}],"about":[{"href":"https:\/\/ambdoha.esteri.it\/it\/wp-json\/wp\/v2\/types\/page"}],"author":[{"embeddable":true,"href":"https:\/\/ambdoha.esteri.it\/it\/wp-json\/wp\/v2\/users\/1"}],"replies":[{"embeddable":true,"href":"https:\/\/ambdoha.esteri.it\/it\/wp-json\/wp\/v2\/comments?post=89"}],"version-history":[{"count":6,"href":"https:\/\/ambdoha.esteri.it\/it\/wp-json\/wp\/v2\/pages\/89\/revisions"}],"predecessor-version":[{"id":2972,"href":"https:\/\/ambdoha.esteri.it\/it\/wp-json\/wp\/v2\/pages\/89\/revisions\/2972"}],"up":[{"embeddable":true,"href":"https:\/\/ambdoha.esteri.it\/it\/wp-json\/wp\/v2\/pages\/48"}],"wp:attachment":[{"href":"https:\/\/ambdoha.esteri.it\/it\/wp-json\/wp\/v2\/media?parent=89"}],"curies":[{"name":"wp","href":"https:\/\/api.w.org\/{rel}","templated":true}]}}