{"id":74,"date":"2023-04-11T18:20:09","date_gmt":"2023-04-11T16:20:09","guid":{"rendered":"https:\/\/ambasciatapraga.esteri.it\/?page_id=74"},"modified":"2025-03-26T13:19:39","modified_gmt":"2025-03-26T10:19:39","slug":"autoveicoli-e-patenti-di-guida","status":"publish","type":"page","link":"https:\/\/ambdoha.esteri.it\/it\/servizi-consolari-e-visti\/servizi-per-il-cittadino-italiano\/autoveicoli-e-patenti-di-guida\/","title":{"rendered":"Autoveicoli e Patenti di guida"},"content":{"rendered":"<ol>\n<li><strong>Validit\u00e0 in Qatar della patente italiana di guida<\/strong><\/li>\n<\/ol>\n<p><span style=\"text-decoration: underline;\"><strong>IL QATAR NON E\u2019 FIRMATARIO DI ACCORDI DI RECIPROCIT\u00c0 CON L\u2019ITALIA IN MATERIA DI CONVERSIONE DI PATENTI DI GUIDA.<\/strong><\/span><\/p>\n<p>Non \u00e8 dunque possibile n\u00e9 riconoscere n\u00e9 convertire la patente italiana di guida.<\/p>\n<p>Per poter condurre i residenti devono ottenere la patente di guida del Qatar rilasciata a seguito di esame di guida.<\/p>\n<p>Le locali scuole di guida provvedono alle procedure per il rilascio della patente.<\/p>\n<p>&nbsp;<\/p>\n<hr \/>\n<p>2.<strong> Rinnovo della patente di guida italiana\u00a0<\/strong><\/p>\n<p>I titolari di patente italiana residenti o dimoranti per un periodo di almeno 6 mesi in Qatar possono ottenere presso l\u2019Ambasciata la conferma della validit\u00e0 della loro patente italiana, scaduta da non pi\u00f9 di cinque anni e non rientrante nei casi previsti all\u2019art. 119, commi 2-bis e 4 del Codice della Strada (patenti di conducenti affetti da diabete o la cui idoneit\u00e0 psicofisica deve essere certificata da apposite commissioni mediche). E\u2019 possibile richiedere il rinnovo della patente a partire dal quarto mese precedente alla scadenza.<\/p>\n<p>Dopo che gli interessati avranno effettuato la prevista visita medica per l\u2019accertamento dei requisiti, l\u2019Ambasciata potr\u00e0 rilasciare apposita attestazione di rinnovo.<\/p>\n<p>Tale rinnovo, che <strong><span style=\"text-decoration: underline;\">dovr\u00e0 sempre essere esibito unitamente alla patente di guida originale<\/span><\/strong>, \u00e8 valido per circolare sia in Italia che all\u2019estero (nei paesi in cui consentito da accordi in materia). Una volta riacquisita la residenza o la dimora in Italia, la patente di guida dovr\u00e0 essere confermata presso gli uffici della motorizzazione italiana competenti per luogo di residenza.<\/p>\n<p>Per ottenere il rinnovo della patente l\u2019interessato dovr\u00e0:<\/p>\n<p>In primo luogo, farsi rilasciare un certificato medico di idoneit\u00e0 alla guida, il cui modello \u00e8 disponibile al seguente <a href=\"https:\/\/ambdoha.esteri.it\/wp-content\/uploads\/2023\/12\/medical_certificate_for_licence_drive.pdf\">LINK<\/a>. Tale certificato potr\u00e0 essere conseguito presso un medico a scelta del connazionale oppure presso una delle due cliniche convenzionate con l\u2019Ambasciata.<\/p>\n<ul>\n<li>Nel caso di medico di fiducia del connazionale, la firma del medico dovr\u00e0 essere opportunamente legalizzata, dapprima presso il Ministero della Salute Pubblica dello Stato del Qatar e poi presso il Ministero degli Affari Esteri dello Stato del Qatar.<\/li>\n<\/ul>\n<ul>\n<li>Nel caso in cui il connazionale si rivolga ad una delle due cliniche convenzionate, l\u2019Ambasciata potr\u00e0 riconoscere direttamente la firma del medico. Si prega di fare presente in fase di prenotazione e di pagamento che la visita deve essere effettuata nell\u2019ambito del \u201cCorporate Agreement\u201d tra la clinica e l\u2019Ambasciata.<\/li>\n<\/ul>\n<p><span style=\"text-decoration: underline;\"><strong>Strutture convenzionate:<\/strong><\/span><\/p>\n<ul>\n<li><strong>Naseem Al Rabeeh Medical Centre<\/strong><\/li>\n<\/ul>\n<p style=\"padding-left: 80px;\"><em>Opposite Gulf Times, C ring road<\/em><br \/>\n<em>Doha, Qatar<\/em><br \/>\nTel: +974 44652121\/ +974 44655151<br \/>\nLocation: <a href=\"https:\/\/maps.google.com\/?q=25.263908,51.542530\">https:\/\/maps.google.com\/?q=25.263908,51.542530<\/a><br \/>\nPer prenotare un appuntamento \u00e8 necessario inviare una mail a <a href=\"mailto:medical@naseemalrabeeh.com\">medical@naseemalrabeeh.com<\/a>\u00a0con in copia\u00a0<a href=\"mailto:marketing@naseemalrabeeh.com\">marketing@naseemalrabeeh.com<\/a><br \/>\nPer assistenza sulle prenotazioni si prega di contattare direttamente la clinica: Mr. Ashraf (+974 31582424); Ms. Jannat (+974 33782783\/ +974 30858756)<\/p>\n<p>&nbsp;<\/p>\n<p>Dopo aver ottenuto il certificato del medico, l&#8217;interessato dovr\u00e0 prenotare un appuntamento con l\u2019Ambasciata attraverso il portale Prenot@Mi (<a href=\"https:\/\/prenotami.esteri.it\/\">https:\/\/prenotami.esteri.it<\/a>)<\/p>\n<p>Sulla base della presentazione della patente scaduta e certificazione medica, l\u2019Ambasciata rilascia un\u2019attestazione di rinnovo della patente per il periodo indicato dall\u2019art. 126 del Codice della Strada, in base alla categoria della patente medesima ed all\u2019et\u00e0 del titolare. Accompagnata da tale attestazione, la patente \u00e8 valida, fino a scadenza, sia in Italia che all\u2019estero (nei Paesi in cui \u00e8 previsto da accordi internazionali in materia).<\/p>\n<p>Sar\u00e0 necessario <span style=\"text-decoration: underline;\">conservare sempre l\u2019attestazione unita alla patente di guida<\/span>, utile per effettuare la visita medica per la conferma di validit\u00e0 in Italia, al fine di provare, al medico accertatore, l\u2019avvenuto rinnovo all\u2019estero e quindi di dimostrare l\u2019assenza di periodi di mancato esercizio alla guida.<\/p>\n<p>L\u2019attestazione \u00e8 valida per il periodo di permanenza all\u2019estero del titolare, con le seguenti limitazioni:<\/p>\n<table width=\"0\">\n<tbody>\n<tr>\n<td><strong>Categoria<\/strong><\/td>\n<td><strong>Meno di 50 anni<\/strong><\/td>\n<td><strong>pi\u00f9 di 50<\/strong><\/td>\n<td><strong>pi\u00f9 di 60<\/strong><\/td>\n<td><strong>pi\u00f9 di 65<\/strong><\/td>\n<td><strong>pi\u00f9 di 70<\/strong><\/td>\n<\/tr>\n<tr>\n<td>A<\/td>\n<td>10<\/td>\n<td>5<\/td>\n<td>5<\/td>\n<td>5<\/td>\n<td>3<\/td>\n<\/tr>\n<tr>\n<td>B<\/td>\n<td>10<\/td>\n<td>5<\/td>\n<td>5<\/td>\n<td>5<\/td>\n<td>3<\/td>\n<\/tr>\n<tr>\n<td>C<\/td>\n<td>5<\/td>\n<td>5<\/td>\n<td>5<\/td>\n<td>2<\/td>\n<td>2<\/td>\n<\/tr>\n<tr>\n<td>D<\/td>\n<td>5<\/td>\n<td>5<\/td>\n<td>1<\/td>\n<td>\u2013<\/td>\n<td>\u2013<\/td>\n<\/tr>\n<\/tbody>\n<\/table>\n<p>La patente di categoria E (BE, CE, ecc.) ha la stessa validit\u00e0 della patente a cui e\u2019 associata<\/p>\n<p><strong>NB I duplicati per smarrimento, distruzione o furto della patente devono essere richiesti in Italia presso il competente ufficio provinciale della Direzione Generale della M.C.T.C..<\/strong><\/p>\n<p>All\u2019atto del rilascio dell\u2019attestazione saranno riscossi i relativi diritti consolari attraverso pagamento con carta bancaria.<\/p>\n<p>&nbsp;<\/p>\n<p>&nbsp;<\/p>\n<p>&nbsp;<\/p>\n","protected":false},"excerpt":{"rendered":"Validit\u00e0 in Qatar della patente italiana di guida IL QATAR NON E\u2019 FIRMATARIO DI ACCORDI DI RECIPROCIT\u00c0 CON L\u2019ITALIA IN MATERIA DI CONVERSIONE DI PATENTI DI GUIDA. Non \u00e8 dunque possibile n\u00e9 riconoscere n\u00e9 convertire la patente italiana di guida. Per poter condurre i residenti devono ottenere la patente di guida del Qatar rilasciata a [&hellip;]","protected":false},"author":1,"featured_media":0,"parent":47,"menu_order":16,"comment_status":"closed","ping_status":"closed","template":"","meta":{"footnotes":""},"class_list":["post-74","page","type-page","status-publish","hentry"],"_links":{"self":[{"href":"https:\/\/ambdoha.esteri.it\/it\/wp-json\/wp\/v2\/pages\/74","targetHints":{"allow":["GET"]}}],"collection":[{"href":"https:\/\/ambdoha.esteri.it\/it\/wp-json\/wp\/v2\/pages"}],"about":[{"href":"https:\/\/ambdoha.esteri.it\/it\/wp-json\/wp\/v2\/types\/page"}],"author":[{"embeddable":true,"href":"https:\/\/ambdoha.esteri.it\/it\/wp-json\/wp\/v2\/users\/1"}],"replies":[{"embeddable":true,"href":"https:\/\/ambdoha.esteri.it\/it\/wp-json\/wp\/v2\/comments?post=74"}],"version-history":[{"count":6,"href":"https:\/\/ambdoha.esteri.it\/it\/wp-json\/wp\/v2\/pages\/74\/revisions"}],"predecessor-version":[{"id":3848,"href":"https:\/\/ambdoha.esteri.it\/it\/wp-json\/wp\/v2\/pages\/74\/revisions\/3848"}],"up":[{"embeddable":true,"href":"https:\/\/ambdoha.esteri.it\/it\/wp-json\/wp\/v2\/pages\/47"}],"wp:attachment":[{"href":"https:\/\/ambdoha.esteri.it\/it\/wp-json\/wp\/v2\/media?parent=74"}],"curies":[{"name":"wp","href":"https:\/\/api.w.org\/{rel}","templated":true}]}}