{"id":49,"date":"2023-04-11T18:13:11","date_gmt":"2023-04-11T16:13:11","guid":{"rendered":"https:\/\/ambasciatapraga.esteri.it\/?page_id=49"},"modified":"2025-03-26T13:24:16","modified_gmt":"2025-03-26T10:24:16","slug":"passaporti-e-carte-didentita","status":"publish","type":"page","link":"https:\/\/ambdoha.esteri.it\/it\/servizi-consolari-e-visti\/servizi-per-il-cittadino-italiano\/passaporti-e-carte-didentita\/","title":{"rendered":"Passaporti e titoli di viaggio"},"content":{"rendered":"<p style=\"text-align: justify;\"><strong>TITOLI DI VIAGGIO<\/strong><\/p>\n<p style=\"text-align: justify;\">Il\u00a0<strong>passaporto<\/strong>\u00a0\u00e8 il principale documento di viaggio a disposizione dei cittadini italiani per gli spostamenti all\u2019estero. Il suo rilascio o rinnovo pu\u00f2 essere richiesto presso l\u2019Ambasciata d\u2019Italia a Doha nei seguenti casi:<\/p>\n<ul>\n<li>Primo rilascio a seguito di\u00a0<strong>nascita nel territorio dello Stato del Qatar<\/strong>, a seguito di trascrizione dell\u2019atto di nascita e iscrizione all\u2019anagrafe AIRE della Sede;<\/li>\n<li>Primo rilascio a seguito di\u00a0<strong>riconoscimento di cittadinanza italiana<\/strong> jure sanguinis\u00a0o di acquisizione di cittadinanza italiana per matrimonio;<\/li>\n<li>Rinnovo a causa dell\u2019<strong>esaurimento delle pagine del\u00a0<\/strong>libretto del passaporto in corso di validit\u00e0;<\/li>\n<li>Rinnovo a causa del\u00a0<strong>deterioramento<\/strong> del passaporto in corso di validit\u00e0;<\/li>\n<li>Rinnovo a seguito di\u00a0<strong>furto o smarrimento\u00a0<\/strong>del passaporto in corso di validit\u00e0 comprovato da denuncia alle competenti autorit\u00e0 di polizia e successivamente alle opportune verifiche da parte dell\u2019Ambasciata;<\/li>\n<li>Rinnovo a causa della\u00a0<strong>prossima scadenza<\/strong>\u00a0del passaporto attuale (validit\u00e0 residua di\u00a0<strong>non oltre sei mesi<\/strong>).<\/li>\n<\/ul>\n<p>Il rilascio del passaporto viene effettuato di norma<strong>\u00a0per i cittadini italiani residenti in Qatar e regolarmente iscritti all\u2019anagrafe AIRE della Sede<\/strong>. Per tutti gli altri (turisti, visitatori, connazionali in viaggio per affari) \u00e8 previsto, salvo casi eccezionali di\u00a0<strong>comprovata necessit\u00e0 e urgenza<\/strong>, il rilascio un documento provvisorio ETD (Emergency Travel Document), valido per il rientro nel luogo di residenza anagrafica, dove sar\u00e0 possibile rinnovare il passaporto.<\/p>\n<p style=\"text-align: justify;\"><span style=\"text-decoration: underline;\"><strong>PROCEDURA PER IL RILASCIO DEL PASSAPORTO<\/strong><\/span><\/p>\n<p style=\"text-align: justify;\">Per il rilascio del passaporto il richiedente dovr\u00e0 richiedere un appuntamento tramite il portale <strong>Prenot@Mi ( <a href=\"https:\/\/prenotami.esteri.it\">https:\/\/prenotami.esteri.it<\/a> )<\/strong> .<\/p>\n<p style=\"text-align: justify;\">Successivamente, il connazionale dovr\u00e0 presentarsi presso l&#8217;Ambasciata nell\u2019orario stabilito per l&#8217;identificazione e la rilevazione dei dati biometrici, <strong>portando con s\u00e9 il precedente passaporto italiano,<\/strong> un altro documento d&#8217;identit\u00e0 valido in caso il passaporto italiano sia scaduto e una fotografia conforme ICAO.<\/p>\n<p style=\"text-align: justify;\">Per il rilascio del passaporto, che per i maggiorenni ha durata decennale, \u00e8 previsto il pagamento in Qatari Rial con carta.<br \/>\nLe tempistiche per l&#8217;ottenimento del passaporto possono variare a seconda di diversi fattori, come nel caso in cui, per motivi ostativi, si renda necessaria l&#8217;acquisizione del Nulla Osta da parte della Questura AIRE o del Consolato di residenza del connazionale.<\/p>\n<p style=\"text-align: justify;\">Nel caso di presenza di prole minorenne, il richiedente dovr\u00e0 altres\u00ec dichiarare che non sussistono cause ostative al rilascio del passaporto a norma degli articoli\u00a0dell\u2019art. 3 lettera d) e e) della legge 21 novembre 1185\/1967 e di non essere destinatario di inibitoria al rilascio del titolo di viaggio ai sensi dell&#8217;articolo 3 lettera b) della stessa legge.<\/p>\n<p style=\"text-align: justify;\"><strong>RILASCIO DEL PASSAPORTO PER I MINORI<\/strong><\/p>\n<p style=\"text-align: justify;\">I minori devono essere muniti di un passaporto individuale la cui validit\u00e0 temporale \u00e8 differenziata in base all&#8217;et\u00e0:<\/p>\n<ul style=\"text-align: justify;\">\n<li>3 anni di validit\u00e0 per i minori da 0 a 3 anni;<\/li>\n<li>5 anni di validit\u00e0 per i minori da 3 anni fino al compimento della maggiore et\u00e0.<\/li>\n<\/ul>\n<p style=\"text-align: justify;\"><strong>La presenza in Ambasciata del figlio minorenne \u00e8 sempre necessaria<\/strong>. Per il richiedente minore, \u00e8 necessario il consenso di entrambi i genitori, che devono essere entrambi presenti al momento del rilascio (<a href=\"https:\/\/ambdoha.esteri.it\/wp-content\/uploads\/2023\/11\/Modulo_Assenso_Rilascio_Passaporto_Figli_Minori.pdf\">Modulo di assenso al rilascio del passaporto in presenza di figli minori<\/a> )<\/p>\n<p style=\"text-align: justify;\"><strong>ATTESTAZIONE DI ACCOMPAGNAMENTO PER MINORI DI 14 ANNI CHE VIAGGIANO DA SOLI O CON PERSONE DIVERSE DAI GENITORI<\/strong><\/p>\n<p style=\"text-align: justify;\"><strong>Per i cittadini italiani minori di 14 anni che viaggiano da soli o non accompagnati da almeno uno dei genitori \u00e8 necessaria una attestazione consolare<\/strong>. L\u2019attestazione \u00e8 gratuita e viene rilasciata dall&#8217;Ambasciata per tutti i minori residenti nella circoscrizione su espressa domanda dei genitori, che possono richiederla presentando personalmente la dichiarazione di accompagnamento unitamente a:<\/p>\n<ul style=\"text-align: justify;\">\n<li><strong>biglietto aereo (E-TICKET) da cui si evinca la data del viaggio;<\/strong><\/li>\n<li><strong>copia dei passaporti dei genitori;<\/strong><\/li>\n<li><strong>copia del passaporto del minore;<\/strong><\/li>\n<li><strong>copia del passaporto del\/degli accompagnatore\/i;<\/strong><\/li>\n<li>oppure, in caso il minore viaggi da solo, i dati della Compagnia aerea e dei voli.<\/li>\n<\/ul>\n<p style=\"text-align: justify;\"><strong><span style=\"text-decoration: underline;\">PROCEDURA PER IL RILASCIO DEL DOCUMENTO DI VIAGGIO PROVVISORIO (ETD)<\/span><\/strong><\/p>\n<p style=\"text-align: justify;\">Nel caso di cittadini italiani non iscritti presso l\u2019anagrafe AIRE della Sede, di norma l&#8217;Ambasciata rilascia un\u00a0<strong>ETD (Emergency Travel Document) con validit\u00e0 per il solo viaggio di rientro in Italia o nel Paese di residenza legale<\/strong>\u00a0(attestata dall\u2019iscrizione AIRE).\u00a0Per ottenere il documento, occorre contattare l\u2019Ambasciata per via telefonica o tramite email e successivamente presentare la seguente documentazione:<\/p>\n<ul style=\"text-align: justify;\">\n<li>denuncia di furto o smarrimento\u00a0del passaporto effettuato presso la locale competente Autorit\u00e0 di Polizia, o, in alternativa,\u00a0l\u2019attuale Passaporto\u00a0deteriorato o scaduto;<\/li>\n<li>2 fotografie (formato 35X45 mm, identiche, frontali, a colori con sfondo bianco. Il viso deve occupare il 70% dell\u2019intera foto);<\/li>\n<li>un documento d\u2019identit\u00e0 quale carta di identit\u00e0 o patente (anche in fotocopia) o fotocopia del passaporto rubato\/smarrito. In assenza, l\u2019ufficio dovr\u00e0 procedere agli opportuni accertamenti di identit\u00e0 prima di procedere al rilascio dell\u2019ETD;<\/li>\n<li>biglietto aereo (E-TICKET) da cui si evinca la data del viaggio.<\/li>\n<\/ul>\n<p style=\"text-align: justify;\">L\u2019ETD pu\u00f2 essere rilasciato anche a cittadini di Paesi membri dell\u2019Unione Europea che non siano rappresentati in Qatar, previa acquisizione dell\u2019autorizzazione formale da parte di una rappresentanza diplomatico-consolare o del Ministero degli Esteri del Paese di appartenenza del richiedente.<\/p>\n","protected":false},"excerpt":{"rendered":"TITOLI DI VIAGGIO Il\u00a0passaporto\u00a0\u00e8 il principale documento di viaggio a disposizione dei cittadini italiani per gli spostamenti all\u2019estero. Il suo rilascio o rinnovo pu\u00f2 essere richiesto presso l\u2019Ambasciata d\u2019Italia a Doha nei seguenti casi: Primo rilascio a seguito di\u00a0nascita nel territorio dello Stato del Qatar, a seguito di trascrizione dell\u2019atto di nascita e iscrizione all\u2019anagrafe [&hellip;]","protected":false},"author":1,"featured_media":0,"parent":47,"menu_order":0,"comment_status":"closed","ping_status":"closed","template":"","meta":{"footnotes":""},"class_list":["post-49","page","type-page","status-publish","hentry"],"_links":{"self":[{"href":"https:\/\/ambdoha.esteri.it\/it\/wp-json\/wp\/v2\/pages\/49","targetHints":{"allow":["GET"]}}],"collection":[{"href":"https:\/\/ambdoha.esteri.it\/it\/wp-json\/wp\/v2\/pages"}],"about":[{"href":"https:\/\/ambdoha.esteri.it\/it\/wp-json\/wp\/v2\/types\/page"}],"author":[{"embeddable":true,"href":"https:\/\/ambdoha.esteri.it\/it\/wp-json\/wp\/v2\/users\/1"}],"replies":[{"embeddable":true,"href":"https:\/\/ambdoha.esteri.it\/it\/wp-json\/wp\/v2\/comments?post=49"}],"version-history":[{"count":6,"href":"https:\/\/ambdoha.esteri.it\/it\/wp-json\/wp\/v2\/pages\/49\/revisions"}],"predecessor-version":[{"id":3852,"href":"https:\/\/ambdoha.esteri.it\/it\/wp-json\/wp\/v2\/pages\/49\/revisions\/3852"}],"up":[{"embeddable":true,"href":"https:\/\/ambdoha.esteri.it\/it\/wp-json\/wp\/v2\/pages\/47"}],"wp:attachment":[{"href":"https:\/\/ambdoha.esteri.it\/it\/wp-json\/wp\/v2\/media?parent=49"}],"curies":[{"name":"wp","href":"https:\/\/api.w.org\/{rel}","templated":true}]}}