{"id":45,"date":"2023-04-11T18:10:55","date_gmt":"2023-04-11T16:10:55","guid":{"rendered":"https:\/\/ambasciatapraga.esteri.it\/?page_id=45"},"modified":"2024-10-30T14:44:16","modified_gmt":"2024-10-30T11:44:16","slug":"diplomazia-scientifica","status":"publish","type":"page","link":"https:\/\/ambdoha.esteri.it\/it\/italia-e-qatar\/diplomazia-scientifica\/","title":{"rendered":"Diplomazia scientifica"},"content":{"rendered":"<p style=\"text-align: justify;\">La cooperazione scientifica e accademica tra Italia e Qatar \u00e8 di lunga data, consolidatasi negli anni anche attraverso due Memorandum of Understanding del 2006 e del 2012 tra il Ministero dell\u2019Istruzione, dell\u2019Universit\u00e0 e della Ricerca e Qatar Foundation, volti a potenziare i legami interuniversitari e tra enti di ricerca dei due Paesi. Anche grazie a tali accordi, sono stati avviati alcuni progetti di collaborazione fra la Qatar Foundation ed il Parco Scientifico e Tecnologico del Qatar (QSTP) da un lato, ed alcune istituzioni universitarie, centri di ricerca e parchi scientifici e tecnologici italiani dall\u2019altro, focalizzati soprattutto nel settore medico e biomedico. Aree di mutuo interesse per entrambe le parti sono quelle negli ambiti energia ed ambiente; aeronautica; salute e biotecnologie; telecomunicazioni; media e media digitali.<\/p>\n<p style=\"text-align: justify;\">L\u2019accordo bilaterale stipulato a Roma nel 2012 in materia di istruzione, universit\u00e0 e ricerca \u00e8 stato ratificato dal parlamento italiano nel 2020, ha dato inizio a pi\u00f9 ampi scambi e visite di esperti, delegazioni di studenti, gruppi scolastici e sportivi. Inoltre, l\u2019accordo prevede la promozione dello studio della lingua dell\u2019altra Parte, l\u2019impegno a favorire la cooperazione accademica e gli accordi tra le facolt\u00e0, l\u2019organizzazione di incontri periodici di rappresentanti dei due Stati per realizzare obiettivi comuni e stimolare la ricerca congiunta in ambito scientifico e tecnologico.<\/p>\n<p style=\"text-align: justify;\">In Qatar operano varie strutture per la ricerca scientifica e medica, tra le quali le principali sono Sidra Medicine e Hamad Medical Corporation in ambito biomedico e Hamad bin Khalifa University, parte dell\u2019ecosistema di Qatar Foundation, in una pluralit\u00e0 di settori, da quello della medicina di precisione a quello delle scienze informatiche. Tali strutture ospitano vari ricercatori italiani, la cui expertise \u00e8 particolarmente apprezzata.<\/p>\n<p>La ricerca scientifica congiunta tra Italia e Qatar si svolge soprattutto nel contesto di istituti locali di eccellenza, come Sidra Medicine e QERII, dove operano diversi ricercatori italiani, e si \u00e8 svolta anche nel quadro della ricerca sul Covid-19. In tale ambito, degno di nota \u00e8 stato il progetto sviluppato dal Qatar Genome Programme (parte di Qatar Foundation) nell\u2019aprile 2020, in cooperazione con gli atenei di Roma Tor Vergata e Trieste, finalizzato a studiare i fattori genetici che potevano influire sul diverso impatto che il Covid-19 aveva sui soggetti infetti. Un progetto di ricerca bilaterale in tale ambito \u00e8 stato inoltre condotto, nello stesso periodo, da Hamad Medical Corporation e Mater Olbia.<\/p>\n<p>Nell\u2019ambito della cooperazione ambientale, l\u2019Italia ha preso parte all\u2019evento Expo Doha 2023, il primo Expo dell\u2019orticoltura in Medio Oriente, che si \u00e8 tenuta nella capitale qatarina dal 2 ottobre 2023 al 28 marzo 2024. La partecipazione italiana alla manifestazione \u00e8 stata di notevole rilevanza in quanto ha dimostrato la forte collaborazione tra i due Paesi nell\u2019ambito della sostenibilit\u00e0, della sicurezza alimentare e della lotta alla desertificazione, mediante la costruzione di padiglione ad alto contenuto tecnologico.<\/p>\n<p>Da ultimo, a inizio settembre 2024, \u00e8 termina con successo l&#8217;esperienza di 20 studenti di medicina, fisioterapia e biotecnologie della Qatar University presso l&#8217;Ospedale &#8216;Mater Olbia&#8217;, un centro sanitario d&#8217;eccellenza in Sardegna, risultato della fruttuosa collaborazione iniziata nel 2018 con Qatar Foundation Endowment e il Policlinico Universitario Agostino Gemelli.<\/p>\n","protected":false},"excerpt":{"rendered":"La cooperazione scientifica e accademica tra Italia e Qatar \u00e8 di lunga data, consolidatasi negli anni anche attraverso due Memorandum of Understanding del 2006 e del 2012 tra il Ministero dell\u2019Istruzione, dell\u2019Universit\u00e0 e della Ricerca e Qatar Foundation, volti a potenziare i legami interuniversitari e tra enti di ricerca dei due Paesi. Anche grazie a [&hellip;]","protected":false},"author":1,"featured_media":0,"parent":14,"menu_order":4,"comment_status":"closed","ping_status":"closed","template":"","meta":{"footnotes":""},"class_list":["post-45","page","type-page","status-publish","hentry"],"_links":{"self":[{"href":"https:\/\/ambdoha.esteri.it\/it\/wp-json\/wp\/v2\/pages\/45","targetHints":{"allow":["GET"]}}],"collection":[{"href":"https:\/\/ambdoha.esteri.it\/it\/wp-json\/wp\/v2\/pages"}],"about":[{"href":"https:\/\/ambdoha.esteri.it\/it\/wp-json\/wp\/v2\/types\/page"}],"author":[{"embeddable":true,"href":"https:\/\/ambdoha.esteri.it\/it\/wp-json\/wp\/v2\/users\/1"}],"replies":[{"embeddable":true,"href":"https:\/\/ambdoha.esteri.it\/it\/wp-json\/wp\/v2\/comments?post=45"}],"version-history":[{"count":4,"href":"https:\/\/ambdoha.esteri.it\/it\/wp-json\/wp\/v2\/pages\/45\/revisions"}],"predecessor-version":[{"id":3463,"href":"https:\/\/ambdoha.esteri.it\/it\/wp-json\/wp\/v2\/pages\/45\/revisions\/3463"}],"up":[{"embeddable":true,"href":"https:\/\/ambdoha.esteri.it\/it\/wp-json\/wp\/v2\/pages\/14"}],"wp:attachment":[{"href":"https:\/\/ambdoha.esteri.it\/it\/wp-json\/wp\/v2\/media?parent=45"}],"curies":[{"name":"wp","href":"https:\/\/api.w.org\/{rel}","templated":true}]}}