{"id":3834,"date":"2025-03-26T13:02:23","date_gmt":"2025-03-26T10:02:23","guid":{"rendered":"https:\/\/ambdoha.esteri.it\/?page_id=3834"},"modified":"2026-03-11T11:16:18","modified_gmt":"2026-03-11T08:16:18","slug":"carta-didentita-elettronica","status":"publish","type":"page","link":"https:\/\/ambdoha.esteri.it\/it\/servizi-consolari-e-visti\/servizi-per-il-cittadino-italiano\/carta-didentita-elettronica\/","title":{"rendered":"Carta d\u2019Identit\u00e0 elettronica ( CIE )"},"content":{"rendered":"<header class=\"entry-header\">\n<h1 class=\"entry-title h3\"><strong style=\"font-size: 16px;\">ATTENZIONE<\/strong><\/h1>\n<\/header>\n<div class=\"entry-content\">\n<p>La Carta d\u2019Identit\u00e0 Elettronica non viene rilasciata a vista, in quanto pu\u00f2 essere stampata unicamente dall&#8217;Istituto Poligrafico e Zecca dello Stato. Una volta ricevuta la copia della CIE, l&#8217;Ambasciata contatter\u00e0 il connazionale per il ritiro.<\/p>\n<p><strong>1. Che cos\u2019\u00e8 la carta d\u2019identit\u00e0 elettronica?<br \/>\n<\/strong>La carta d\u2019identit\u00e0 \u00e8 un documento personale di riconoscimento valido per identificarsi e circolare nell\u2019Unione Europea, in alcuni Stati aderenti all\u2019accordo di Schengen (ad es. Islanda, Norvegia e Svizzera) e in altri Stati con cui sono stati raggiunti accordi bilaterali (vedasi le singole \u201cschede Paese\u201d sul sito\u00a0<a href=\"http:\/\/www.viaggiaresicuri.it\/\">www.viaggiaresicuri.it<\/a>).<\/p>\n<p><strong>2. A chi pu\u00f2 essere rilasciata la carta d\u2019identit\u00e0 elettronica?<br \/>\n<\/strong>L&#8217;Ambasciata d&#8217;Italia a Doha rilascia la carta d\u2019identit\u00e0 <strong>esclusivamente ai cittadini italiani regolarmente residenti in Qatar<\/strong>\u00a0<strong>con iscrizione AIRE completa<\/strong>.<br \/>\n<strong>Nel caso si sia cambiato indirizzo di residenza<\/strong>\u00a0(rispetto a quello comunicato in precedenza all\u2019Ufficio consolare), \u00e8 <span style=\"text-decoration: underline;\">necessario<\/span> chiedere la variazione di indirizzo tramite il portale\u00a0<a href=\"https:\/\/serviziconsolari.esteri.it\"><strong>FAST IT<\/strong><\/a>\u00a0prima di procedere alla prenotazione.<\/p>\n<p><strong>3. Quando si pu\u00f2 richiedere?<\/strong><\/p>\n<ul>\n<li>in sostituzione di una carta di identit\u00e0 cartacea valida;<strong><br \/>\n<\/strong><\/li>\n<li>a chi non sia in possesso di un\u2019altra carta d\u2019identit\u00e0 valida;<\/li>\n<li>in caso di furto, smarrimento o deterioramento della carta precedente.<\/li>\n<\/ul>\n<p><strong>4. Come si richiede la carta d\u2019identit\u00e0 elettronica (CIE)?<br \/>\n<\/strong>La richiesta della carta d\u2019identit\u00e0 elettronica deve essere presentata utilizzando esclusivamente la piattaforma\u00a0<a href=\"https:\/\/prenotami.esteri.it\/\">Prenot@Mi<\/a>.<\/p>\n<p><strong>5. \u00c8 possibile chiedere l\u2019appuntamento per i miei figli minori?<br \/>\n<\/strong>S\u00ec.\u00a0In fase di prenotazione dell\u2019appuntamento bisogner\u00e0\u00a0<strong>compilare una scheda per ciascuna persona che ha bisogno della nuova carta CIE (richiedenti)<\/strong>.<\/p>\n<p><strong>6. Qual \u00e8 la documentazione necessaria da portare con s\u00e9 al momento dell\u2019appuntamento per richiedere la CIE?<br \/>\n<\/strong>Normalmente il richiedente deve presentarsi munito di:<\/p>\n<p>1. Una fotografia formato tessera recente conforme agli\u00a0standard internazionali ICAO;<br \/>\n2. Carta di identit\u00e0 precedente. In mancanza di questa un documento di riconoscimento, come il Passaporto;<br \/>\n3. Nel caso di smarrimento\/furto della precedente carta, apposita denuncia presentata presso le autorit\u00e0 locali, tradotta e legalizzata;<br \/>\n4. Atto di assenso di entrambi genitori nel caso in cui il richiedente sia un minore di 18 anni;<br \/>\n5. Carta di pagamento bancario.<\/p>\n<p><strong>7. Quali sono le operazioni che saranno effettuate il giorno dell\u2019appuntamento?<br \/>\n<\/strong>Il giorno dell\u2019appuntamento, l\u2019operatore consolare acquisisce la documentazione indicata al punto precedente, effettua il riconoscimento e la verifica della foto ed acquisisce le impronte digitali e la firma (salvo per i minori di anni 12).<\/p>\n<p><strong>8. Minori sotto i 12 anni devono essere presenti il giorno dell\u2019appuntamento?<\/strong><\/p>\n<p>La presenza dei minori sotto i 12 anni non \u00e8 necessaria il giorno dell\u2019appuntamento se i genitori sono muniti di un altro documento di recente rilascio (foto comparabile con il passaporto o la carta di identit\u00e0 anche di altre nazionalit\u00e0).<\/p>\n<p><strong>9. Come si riceve la Carta d\u2019identit\u00e0 elettronica?<br \/>\n<\/strong>La CIE \u00e8 emessa dal Ministero dell\u2019Interno e prodotta dall\u2019Istituto Poligrafico e Zecca dello Stato, che la spedisce, a mezzo posta raccomandata, presso gli uffici dell&#8217;Ambasciata. Il connazionale sar\u00e0 informato della possibilit\u00e0 di ritirare il documento una volta che questo sia stato ricevuto dalla Sede.<\/p>\n<p><strong>10. Quanto tempo vale la carta d\u2019identit\u00e0?<br \/>\n<\/strong>La validit\u00e0 della carta d\u2019identit\u00e0 varia a seconda dell\u2019et\u00e0 del titolare ed \u00e8 di:<\/p>\n<p>\u2013 3 anni di validit\u00e0 per i minori di et\u00e0 compresa tra 0 e 3 anni;<br \/>\n\u2013 5 anni di validit\u00e0 per i minori di et\u00e0 compresa tra 4 e 17 anni;<br \/>\n\u2013 10 anni di validit\u00e0 per maggiorenni.<\/p>\n<p><strong>11. Cos\u2019\u00e8 l\u2019atto di assenso?<br \/>\n<\/strong>L\u2019assenso per il rilascio della carta di identit\u00e0 per minorenni \u00e8 necessario anche in caso di genitori non sposati, separati o divorziati.<\/p>\n<p><strong>In caso di decesso di uno dei genitori<\/strong>\u00a0occorre presentare una copia del certificato di morte.<\/p>\n<p><strong>12. Devo chiedere una nuova carta se cambio indirizzo?<br \/>\n<\/strong>No. La carta d\u2019identit\u00e0 \u00e8 un documento di identit\u00e0 e non di residenza.<\/p>\n<p><strong>13. \u00c8 possibile per le donne sposate inserire il cognome del marito?<br \/>\n<\/strong>No. La carta d\u2019identit\u00e0 \u00e8 un documento di identit\u00e0 e non di stato civile.<\/p>\n<p><strong>14. Posso richiedere la carta di identit\u00e0 presso il mio Comune in Italia, anche se residente all\u2019estero?<br \/>\n<\/strong>Il connazionale dovr\u00e0 verificare con il Comune in Italia.<\/p>\n<p>&nbsp;<\/p>\n<\/div>\n","protected":false},"excerpt":{"rendered":"ATTENZIONE La Carta d\u2019Identit\u00e0 Elettronica non viene rilasciata a vista, in quanto pu\u00f2 essere stampata unicamente dall&#8217;Istituto Poligrafico e Zecca dello Stato. Una volta ricevuta la copia della CIE, l&#8217;Ambasciata contatter\u00e0 il connazionale per il ritiro. 1. Che cos\u2019\u00e8 la carta d\u2019identit\u00e0 elettronica? La carta d\u2019identit\u00e0 \u00e8 un documento personale di riconoscimento valido per identificarsi [&hellip;]","protected":false},"author":4,"featured_media":0,"parent":47,"menu_order":0,"comment_status":"closed","ping_status":"closed","template":"","meta":{"footnotes":""},"class_list":["post-3834","page","type-page","status-publish","hentry"],"_links":{"self":[{"href":"https:\/\/ambdoha.esteri.it\/it\/wp-json\/wp\/v2\/pages\/3834","targetHints":{"allow":["GET"]}}],"collection":[{"href":"https:\/\/ambdoha.esteri.it\/it\/wp-json\/wp\/v2\/pages"}],"about":[{"href":"https:\/\/ambdoha.esteri.it\/it\/wp-json\/wp\/v2\/types\/page"}],"author":[{"embeddable":true,"href":"https:\/\/ambdoha.esteri.it\/it\/wp-json\/wp\/v2\/users\/4"}],"replies":[{"embeddable":true,"href":"https:\/\/ambdoha.esteri.it\/it\/wp-json\/wp\/v2\/comments?post=3834"}],"version-history":[{"count":3,"href":"https:\/\/ambdoha.esteri.it\/it\/wp-json\/wp\/v2\/pages\/3834\/revisions"}],"predecessor-version":[{"id":4717,"href":"https:\/\/ambdoha.esteri.it\/it\/wp-json\/wp\/v2\/pages\/3834\/revisions\/4717"}],"up":[{"embeddable":true,"href":"https:\/\/ambdoha.esteri.it\/it\/wp-json\/wp\/v2\/pages\/47"}],"wp:attachment":[{"href":"https:\/\/ambdoha.esteri.it\/it\/wp-json\/wp\/v2\/media?parent=3834"}],"curies":[{"name":"wp","href":"https:\/\/api.w.org\/{rel}","templated":true}]}}