{"id":2470,"date":"2024-02-01T14:25:46","date_gmt":"2024-02-01T11:25:46","guid":{"rendered":"https:\/\/ambdoha.esteri.it\/?page_id=2470"},"modified":"2024-10-30T14:05:20","modified_gmt":"2024-10-30T11:05:20","slug":"storia","status":"publish","type":"page","link":"https:\/\/ambdoha.esteri.it\/it\/italia-e-qatar\/cooperazione-allo-sviluppo\/storia\/","title":{"rendered":"Storia"},"content":{"rendered":"<p style=\"text-align: justify;\">Secondo alcune fonti, la penisola del Qatar era gi\u00e0 abitata intorno a 50.000 anni fa. Ritrovamenti archeologici rivelano il collegamento con la cultura di Al Ubaid (Mesopotamia, 6000-4000 a.C.).<br \/>\nNel V secolo\u00a0il geografo greco Tolomeo cita nelle sue mappe \u201c<em>Qatra<\/em>\u201d, che si ritiene possa essere l\u2019attuale Al Zubara, una cittadina del Qatar, che nei tempi antichi era considerata uno dei porti pi\u00f9 importanti del Golfo.\u00a0Con la diffusione dell\u2019Islam nella penisola arabica e in tutto il Golfo anche il Qatar divenne parte del Califfato di Baghdad, sede principale della cultura e della civilt\u00e0 islamica.<\/p>\n<p style=\"text-align: justify;\">Nel corso dei secoli successivi, la penisola qatarina continu\u00f2 a essere un crocevia di grandi potenze.<br \/>\nGli antenati dell\u2019attuale famiglia regnante, gli Al Thani, giunsero in Qatar nel 1750 provenienti da Najid, in Arabia Saudita, e svilupparono la pesca, la pesca delle perle, la coltivazione della palma da dattero, il commercio. Le cittadine di Al Zubarah e Al Khor, in particolare, divennero importanti e frequentati centri di commercio delle perle. Al Bida (oggi Doha) divenne la capitale del Paese e il leader della famiglia Al Thani, lo Sceicco Mohammed, rivendic\u00f2 la sua posizione di emiro, costituendo di fatto l\u2019emirato del Qatar.<\/p>\n<p style=\"text-align: justify;\">Nel 1867 l\u2019emiro firm\u00f2, come altri Paesi del Golfo, un trattato con gli inglesi per proteggere il Qatar dalle mire espansionistiche del vicino Bahrain. Lo sceicco Khassim firm\u00f2 nel 1872 firm\u00f2 un altro trattato di protezione con i turchi, che mantennero un contingente militare a Doha fino al 1915.<\/p>\n<p style=\"text-align: justify;\">Nel 1935 una concessione petrolifera fu assegnata alla Qatar Petroleum Company, societ\u00e0 dell\u2019Iraq Petroleum Company, posseduta da un consorzio anglo &#8211; olandese &#8211; francese &#8211; americano. Le prime esportazioni di greggio risalgono al 1949. Negli anni Cinquanta e soprattutto Sessanta, grazie agli introiti petroliferi, cominciarono a fiorire prosperit\u00e0 e progresso sociale e si verific\u00f2 una forte immigrazione. Ebbe cos\u00ec inizio la storia moderna del Paese.<\/p>\n<p style=\"text-align: justify;\">Quando nel 1968 il Governo inglese annunci\u00f2 una politica di disimpegno militare dagli Stati del Golfo, il Qatar ader\u00ec prima alla proposta degli altri sceiccati dell\u2019area (gli attuali Emirati Arabi Uniti e Bahrain), che mirava alla costituzione di una unione di Emirati Arabi; ma poi, come il Bahrain, divenne uno Stato indipendente il 3 settembre 1971.<\/p>\n<p style=\"text-align: justify;\">Nel giugno del 1995 l&#8217;Emiro Sheikh Khalifa, tradizionalista e filo-saudita, fu deposto dal figlio Hamad con un colpo di stato senza spargimento di sangue. Dal 1996 al 2013 l&#8217;Emiro Hamad ha guadagnato ampio consenso sia nel paese che all&#8217;estero, accelerando notevolmente il processo di modernizzazione e diversificazione dell&#8217;economia e promuovendo alcune istanze di riforma politica.<\/p>\n<p style=\"text-align: justify;\">Sotto la guida di Sheikh Hamad, il Qatar ha intrapreso un percorso di liberalizzazione politica e di modernizzazione economica. Nell\u2019aprile 2003 un referendum ha sancito l\u2019approvazione del primo testo costituzionale della storia del paese, entrato in vigore nel 2005. La nuova Costituzione prevede l\u2019elezione di una Assemblea rappresentativa ed ulteriori estensioni dei diritti civili e politici. L\u2019editoria ed il settore radiotelevisivo hanno beneficiato di una maggiore libert\u00e0, grazie alla quale la televisione satellitare Al-Jazeera \u00e8 divenuta la voce delle forze profonde del mondo arabo.<\/p>\n<p style=\"text-align: justify;\">Il 25 giugno 2013 Sheikh Hamad bin Khalifa in un discorso televisivo ha abdicato cedendo ogni potere al figlio ed Erede al Trono Tamim (gi\u00e0 molto presente nella vita pubblica e nella gestione degli affari correnti dell\u2019Emirato), che contestualmente ha operato un profondo ricambio nelle posizioni di vertice del Governo qatarino, in primis nominando in qualit\u00e0 di nuovo Primo Ministro e Ministro dell\u2019Interno lo Sceicco Abdullah bin Nasser bin Khalifa Al Thani (gi\u00e0 Ministro di Stato agli Affari interni), al posto dello Sceicco Hamad bin Jassim bin Jabor Al Thani (che ricopriva anche l\u2019incarico di Ministro degli Esteri, ora affidato al \u201ctecnico\u201d Khaled bin Mohammed Al Attiyah), personalit\u00e0 legata alla transizione del 1995 e alla successiva fase di crescita e sviluppo dell\u2019Emirato. Il passaggio di poteri e il rimpasto governativo hanno avuto luogo nel momento in cui il Paese ha progressivamente raggiunto tutti gli obiettivi prioritari prefissati dall\u2019avvento al trono dello Sceicco Hamad bin Khalifa nel settore economico e si appresta ad aprire una nuova fase, in perfetta continuit\u00e0 con il passato, in cui la priorit\u00e0 \u00a0\u2013 quanto meno a giudicare dal primo discorso pubblico pronunciato dall\u2019Emiro Tamim bin Hamad in occasione della riapertura autunnale del Majlis As-Shura \u2013 sar\u00e0 il consolidamento della struttura interna del Paese.<\/p>\n<p style=\"text-align: justify;\">Tra gli eventi di rilevanza nell\u2019ultimo decennio di storia del Qatar vi \u00e8 sicuramente l\u2019ascensione al trono dell\u2019attuale Emiro del Qatar, Sceicco Tamim bin Hamad Al Thani, avvenuta il 25 giugno 2013. In tale occasione, il suo predecessore Sceicco Hamad bin Khalifa al Thani dopo 18 anni di regno ha reso pubblica la propria intenzione di abdicare in favore del figlio, legittimo successore dal 5 agosto 2003, quando suo fratello maggiore Jasim rinunci\u00f2 al proprio diritto al titolo.<\/p>\n<p style=\"text-align: justify;\">Nell\u2019ambito della storia recente del Paese, un evento particolarmente importante \u00e8 stato il blocco economico e diplomatico a cui il Qatar \u00e8 stato soggetto nel 2017. Il 5 giugno dello stesso anno, infatti, Arabia Saudita, Egitto, Emirati Arabi Uniti e Bahrein hanno annunciato un embargo nei confronti del Qatar che ha causato la rottura delle relazioni diplomatiche e la chiusura delle frontiere terrestri, aeree e marittime nonch\u00e9 l\u2019espulsione di tutti i cittadini qatarini residenti nei Paesi sopracitati. La decisione presa dal cosiddetto \u201cquartetto\u201d \u00e8 frutto del rifiuto di un ultimatum comprensivo di tredici richieste alle quali il Qatar avrebbe dovuto allinearsi per mettere fine al blocco.<\/p>\n<p style=\"text-align: justify;\">Tuttavia, in virt\u00f9 delle buone relazioni intrattenute con diversi Paesi e dell\u2019ingente disponibilit\u00e0 di risorse economiche, il Qatar ha resistito con successo alle complicazioni apportate da tale embargo. Per via di questa sostanziale inefficacia delle misure adottate dal quartetto, il 5 gennaio 2021 in occasione del l 41\u00b0 summit del Consiglio della Cooperazione del Golfo (GCC) tenutosi nella citt\u00e0 saudita di Al Ula \u00e8 stata ratificata la fine dell\u2019embargo nei confronti del Qatar. La firma di tale accordo ha preso il nome di \u201cdichiarazione di Al Ula\u201d attraverso cui i leader dei sei Paesi dell\u2019organizzazione (Arabia Saudita, Bahrain, Emirati Arabi Uniti, Kuwait, Oman e Qatar) hanno rinnovato il proprio impegno a mantenere equilibrio e mutua collaborazione nella regione.<\/p>\n<p style=\"text-align: justify;\">Prova del successo del Paese a seguito dell\u2019embargo sono stati i recenti mondiali di calcio FIFA, che si sono svolti dal 20 novembre al 18 dicembre 2022, aggiudicati al Paese dalla Federazione calcistica internazionale (FIFA) presieduta da Sepp Blatter il 2 dicembre 2010. Tale evento ha rappresentato un unicum nella storia della competizione, trattandosi dei primi mondiali ad essere ospitati da un Paese arabo e ad essere disputati in autunno, per ragioni climatiche. Un traguardo di tale rilevanza si pone in linea con una serie di successi nell\u2019organizzazione di eventi sportivi in Qatar tra i quali figurano anche il mondiale per club FIFA 2020, il Qatar Grand Prix, la Coppa Araba 2021 e la Coppa Asiatica 2023.<\/p>\n<p style=\"text-align: justify;\">Nel 2017, inoltre, il Qatar ha avviato l\u2019ambizioso progetto di sfruttamento del giacimento di gas naturale pi\u00f9 grande al mondo, il North Field, coinvolgendo diverse imprese straniere come ENI, TotalEnergies, ExxonMobil, Shell e Conoco Phillips. Attraverso questo progetto Qatar Energy prevede di aumentare le capacit\u00e0 di estrazione di gas del 43% entro il 2025 e del 64% entro il 2027, divenendo in tal modo il primo Paese al mondo per esportazione di Gas Naturale Liquefatto.<\/p>\n<p style=\"text-align: justify;\">Grazie ai grandi eventi ospitati e ad una politica estera particolarmente dinamica, il Qatar \u00e8 cresciuto in maniera considerevole come attore politico ed economico importante nella regione, specialmente dopo l\u2019ascesa al potere dell\u2019Emiro padre, Hamad bin Khalifa Al Thani, nel 1995, che ha varato un ambizioso piano di modernizzazione e di sviluppo del Paese. A Doha si sono inoltre svolti negoziati e mediazioni circa diversi conflitti come ad esempio quelli in Libano, Yemen, Darfur, Eritrea, Kenya, Somalia, Ciad, Afghanistan, che hanno contribuito a portare il Qatar in prima linea nella diplomazia regionale ed internazionale.<\/p>\n<p>Dopo il 7 ottobre 2023, con l\u2019erompere del conflitto Israele-Hamas, il Qatar ha avviato colloqui di mediazione con le parti coinvolte e d\u2019intesa con Stati Uniti ed Egitto, allo scopo di favorire quanto pi\u00f9 possibile una soluzione mediata della crisi. Il Qatar \u00e8 inoltre attivo nella mediazione tra Russia e Ucraina per la liberazione di minori e il ricongiungimento di famiglie sia ucraine che russe.<\/p>\n","protected":false},"excerpt":{"rendered":"Secondo alcune fonti, la penisola del Qatar era gi\u00e0 abitata intorno a 50.000 anni fa. Ritrovamenti archeologici rivelano il collegamento con la cultura di Al Ubaid (Mesopotamia, 6000-4000 a.C.). Nel V secolo\u00a0il geografo greco Tolomeo cita nelle sue mappe \u201cQatra\u201d, che si ritiene possa essere l\u2019attuale Al Zubara, una cittadina del Qatar, che nei tempi [&hellip;]","protected":false},"author":4,"featured_media":0,"parent":46,"menu_order":0,"comment_status":"closed","ping_status":"closed","template":"","meta":{"footnotes":""},"class_list":["post-2470","page","type-page","status-publish","hentry"],"_links":{"self":[{"href":"https:\/\/ambdoha.esteri.it\/it\/wp-json\/wp\/v2\/pages\/2470","targetHints":{"allow":["GET"]}}],"collection":[{"href":"https:\/\/ambdoha.esteri.it\/it\/wp-json\/wp\/v2\/pages"}],"about":[{"href":"https:\/\/ambdoha.esteri.it\/it\/wp-json\/wp\/v2\/types\/page"}],"author":[{"embeddable":true,"href":"https:\/\/ambdoha.esteri.it\/it\/wp-json\/wp\/v2\/users\/4"}],"replies":[{"embeddable":true,"href":"https:\/\/ambdoha.esteri.it\/it\/wp-json\/wp\/v2\/comments?post=2470"}],"version-history":[{"count":4,"href":"https:\/\/ambdoha.esteri.it\/it\/wp-json\/wp\/v2\/pages\/2470\/revisions"}],"predecessor-version":[{"id":3450,"href":"https:\/\/ambdoha.esteri.it\/it\/wp-json\/wp\/v2\/pages\/2470\/revisions\/3450"}],"up":[{"embeddable":true,"href":"https:\/\/ambdoha.esteri.it\/it\/wp-json\/wp\/v2\/pages\/46"}],"wp:attachment":[{"href":"https:\/\/ambdoha.esteri.it\/it\/wp-json\/wp\/v2\/media?parent=2470"}],"curies":[{"name":"wp","href":"https:\/\/api.w.org\/{rel}","templated":true}]}}