{"id":2276,"date":"2023-12-10T11:58:27","date_gmt":"2023-12-10T08:58:27","guid":{"rendered":"https:\/\/ambdoha.esteri.it\/?page_id=2276"},"modified":"2025-11-27T11:16:05","modified_gmt":"2025-11-27T08:16:05","slug":"elenco-delle-agenzie-di-traduzione","status":"publish","type":"page","link":"https:\/\/ambdoha.esteri.it\/it\/servizi-consolari-e-visti\/servizi-per-il-cittadino-italiano\/servizi-notarili\/elenco-delle-agenzie-di-traduzione\/","title":{"rendered":"Elenco delle agenzie di traduzione"},"content":{"rendered":"<p style=\"text-align: justify;\"><span style=\"text-decoration: underline;\">Le societ\u00e0 di traduzioni di seguito riportate non sono collegate in alcun modo all&#8217;Ambasciata<\/span>, che non pu\u00f2 essere ritenuta responsabile di eventuali errori di traduzione in italiano che comportino la non accettazione del documento. L&#8217;elenco \u00e8 puramente indicativo. L&#8217;utenza pu\u00f2 rivolgersi ad altre societ\u00e0 purch\u00e9 siano registrate presso la Camera di Commercio del Qatar.<\/p>\n<p>Si ricorda come tutte le traduzioni effettuate da societ\u00e0 autorizzate (ivi incluse quelle dell&#8217;elenco sottostante) ai fini del riconoscimento da parte dell&#8217;Ambasciata dovranno essere legalizzate dapprima presso la Camera di Commercio del Qatar e poi presso il Ministero degli Affari Esteri locale.<\/p>\n<p><strong>AFRENO LLC<\/strong><\/p>\n<p>Tel: +974 7700 1076 \/ +974 6690 3937<br \/>\nEmail:\u00a0 <a href=\"mailto:info@afreno.com\">info@afreno.com<\/a><br \/>\nWebsite: <a href=\"http:\/\/www.afreno.com\">www.afreno.com<\/a><br \/>\nBuilding 156, Khalifa Street 370, Markhiya Zone 64, Doha &#8211; Qatar<\/p>\n<p style=\"text-align: justify;\"><strong>QATAR TRANSLATION CENTER<\/strong><\/p>\n<p style=\"text-align: justify;\">Tel.: +974 44435354 Fax 44607056<br \/>\nMobile1: +974 66910620 Mobile2: +974 33332120<br \/>\nE-mail:<a href=\"mailto:info@qatartranslation.com\">info@qatartranslation.com<\/a><\/p>\n<p style=\"text-align: justify;\"><strong>ASIA TRANSLATION &amp; SERVICE CENTER<\/strong><\/p>\n<p style=\"text-align: justify;\">Tel.: +974 44364555\/44440943 Fax:+974 44328327<br \/>\nHilal Branch Tel.: +974 44621334 Fax: +974 44365484<br \/>\nE-mail: asiatranslation@gmail.com<\/p>\n<p style=\"text-align: justify;\"><strong>AL-HAYIKI TRANSLATION &amp; SERVICE EST.<\/strong><\/p>\n<p style=\"text-align: justify;\">Tel: +974 44367755\u00a0 Fax: +974 44353777<br \/>\nE-mail: <a href=\"mailto:jeeshaan@hotmail.com\">jeeshaan@hotmail.com<\/a> ; <a href=\"mailto:hayiki4u@gmail.com\">hayiki4u@gmail.com<\/a><\/p>\n<p style=\"text-align: justify;\"><strong>ALJAZEERA CORNER FOR TRANSLATION SERVICE<\/strong><\/p>\n<p style=\"text-align: justify;\">E-mal: <a href=\"mailto:translation@aljazerranet.net\">translation@aljazerranet.net<\/a><br \/>\nTel: +974 30230203<br \/>\nFax: +974 44681555<br \/>\nMobile: +974 70392180<br \/>\nSalwa Road &#8211; Azizya<br \/>\nNext to Quality Hypermarket or QIB opposite Aljazeera Petrol Station<br \/>\nP.O.Box 16218<\/p>\n<p>&nbsp;<\/p>\n","protected":false},"excerpt":{"rendered":"Le societ\u00e0 di traduzioni di seguito riportate non sono collegate in alcun modo all&#8217;Ambasciata, che non pu\u00f2 essere ritenuta responsabile di eventuali errori di traduzione in italiano che comportino la non accettazione del documento. L&#8217;elenco \u00e8 puramente indicativo. L&#8217;utenza pu\u00f2 rivolgersi ad altre societ\u00e0 purch\u00e9 siano registrate presso la Camera di Commercio del Qatar. Si [&hellip;]","protected":false},"author":4,"featured_media":0,"parent":71,"menu_order":0,"comment_status":"closed","ping_status":"closed","template":"","meta":{"footnotes":""},"class_list":["post-2276","page","type-page","status-publish","hentry"],"_links":{"self":[{"href":"https:\/\/ambdoha.esteri.it\/it\/wp-json\/wp\/v2\/pages\/2276","targetHints":{"allow":["GET"]}}],"collection":[{"href":"https:\/\/ambdoha.esteri.it\/it\/wp-json\/wp\/v2\/pages"}],"about":[{"href":"https:\/\/ambdoha.esteri.it\/it\/wp-json\/wp\/v2\/types\/page"}],"author":[{"embeddable":true,"href":"https:\/\/ambdoha.esteri.it\/it\/wp-json\/wp\/v2\/users\/4"}],"replies":[{"embeddable":true,"href":"https:\/\/ambdoha.esteri.it\/it\/wp-json\/wp\/v2\/comments?post=2276"}],"version-history":[{"count":7,"href":"https:\/\/ambdoha.esteri.it\/it\/wp-json\/wp\/v2\/pages\/2276\/revisions"}],"predecessor-version":[{"id":4469,"href":"https:\/\/ambdoha.esteri.it\/it\/wp-json\/wp\/v2\/pages\/2276\/revisions\/4469"}],"up":[{"embeddable":true,"href":"https:\/\/ambdoha.esteri.it\/it\/wp-json\/wp\/v2\/pages\/71"}],"wp:attachment":[{"href":"https:\/\/ambdoha.esteri.it\/it\/wp-json\/wp\/v2\/media?parent=2276"}],"curies":[{"name":"wp","href":"https:\/\/api.w.org\/{rel}","templated":true}]}}